{"id":19,"date":"2019-09-02T07:23:47","date_gmt":"2019-09-02T07:23:47","guid":{"rendered":"https:\/\/www.404-page-not-found.de\/alrivo\/?p=19"},"modified":"2022-12-19T20:38:36","modified_gmt":"2022-12-19T19:38:36","slug":"kontakt","status":"publish","type":"page","link":"https:\/\/www.404-page-not-found.de\/alrivo\/kontakt\/","title":{"rendered":"Kontakt"},"content":{"rendered":"<div>\n<p>47.4322,8.5579<\/p>\n<h3>Alrivo<\/h3>\n<div>Sa\u0308gereistrasse 29<br \/>8152 Glattbrugg<\/div>\n<\/div>\n<h2>Kontakt<\/h2>\n<div>Die Alrivo Pensionskasse befindet sich im Geb\u00e4ude der PFS Pension Fund Services AG in Glattbrugg am n\u00f6rdlichen Stadtrand von Z\u00fcrich, N\u00e4he Flughafen.\n<\/div>\n<div>\n<p><strong>ALRIVO Vorsorgestiftung<br \/><\/strong>c\/o Gesch\u00e4ftsstelle Pension Fund Services AG (PFS)<\/p>\n<p>Sa\u0308gereistrasse 29 <br \/>8152 Glattbrugg<\/p>\n<p><a href=\"tel:+41432101809\">+41 43 210 18 09<\/a><br \/><a href=\"mailto:alrivo@pfs.ch\" target=\"_blank\" rel=\"noopener\" data-wplink-edit=\"true\">alrivo@pfs.ch<\/a><\/p>\n<\/div>\n<p><img decoding=\"async\" src=\"\/alrivo\/wp-content\/uploads\/2022\/12\/transparent.png\" alt=\"\"><\/p>\n<p><!--more--><br \/>\n<!-- {\"name\":\"\",\"type\":\"layout\",\"children\":[{\"name\":\"Map\",\"type\":\"section\",\"props\":{\"image_position\":\"center-center\",\"padding_remove_bottom\":true,\"padding_remove_top\":true,\"style\":\"default\",\"title_breakpoint\":\"xl\",\"title_position\":\"top-left\",\"title_rotation\":\"left\",\"vertical_align\":\"middle\",\"width\":\"\"},\"children\":[{\"name\":\"\",\"type\":\"row\",\"props\":{\"column_gap\":\"large\",\"margin\":\"small\",\"row_gap\":\"large\",\"vertical_align\":true},\"children\":[{\"name\":\"\",\"type\":\"column\",\"props\":{\"image_position\":\"center-center\",\"media_overlay_gradient\":\"\",\"position_sticky_breakpoint\":\"m\",\"width_medium\":\"1-1\"},\"children\":[{\"name\":\"\",\"type\":\"map\",\"props\":{\"clustering\":true,\"controls\":true,\"dragging\":true,\"height\":\"620\",\"image_svg_color\":\"emphasis\",\"link_style\":\"default\",\"link_text\":\"Read more\",\"margin\":\"default\",\"max_zoom\":18,\"meta_align\":\"below-title\",\"meta_element\":\"div\",\"meta_style\":\"text-meta\",\"min_zoom\":0,\"poi\":false,\"show_content\":true,\"show_image\":true,\"show_link\":true,\"show_meta\":true,\"show_title\":true,\"styler_gamma\":2,\"styler_invert_lightness\":false,\"styler_lightness\":39,\"styler_saturation\":-100,\"title_element\":\"h3\",\"title_hover_style\":\"reset\",\"type\":\"roadmap\",\"zoom\":\"12\",\"zooming\":true},\"children\":[{\"name\":\"\",\"type\":\"map_item\",\"props\":{\"content\":\"Sa\\u0308gereistrasse 29<br \/>8152 Glattbrugg<br \/>\",\"location\":\"47.4322,8.5579\",\"show_popup\":false,\"title\":\"Alrivo\"}}]}]}]}]},{\"name\":\"Contact\",\"type\":\"section\",\"props\":{\"animation_delay\":false,\"image_position\":\"center-center\",\"padding_remove_bottom\":false,\"style\":\"default\",\"title_breakpoint\":\"xl\",\"title_position\":\"top-left\",\"title_rotation\":\"left\",\"vertical_align\":\"middle\",\"width\":\"default\"},\"children\":[{\"type\":\"row\",\"props\":{\"layout\":\"1-2,1-2\"},\"children\":[{\"type\":\"column\",\"props\":{\"image_position\":\"center-center\",\"media_overlay_gradient\":\"\",\"position_sticky_breakpoint\":\"m\",\"width_medium\":\"1-2\"},\"children\":[{\"name\":\"\",\"type\":\"headline\",\"props\":{\"content\":\"Kontakt\",\"maxwidth\":\"xlarge\",\"text_align\":\"left\",\"text_align_breakpoint\":\"s\",\"text_align_fallback\":\"center\",\"title_element\":\"h2\",\"title_style\":\"h1\"}}]},{\"type\":\"column\",\"props\":{\"image_position\":\"center-center\",\"media_overlay_gradient\":\"\",\"position_sticky_breakpoint\":\"m\",\"width_medium\":\"1-2\"},\"children\":[{\"type\":\"text\",\"props\":{\"column_breakpoint\":\"m\",\"content\":\"Die Alrivo Pensionskasse befindet sich im Geb\\u00e4ude der PFS Pension Fund Services AG in Glattbrugg am n\\u00f6rdlichen Stadtrand von Z\\u00fcrich, N\\u00e4he Flughafen. \\n\",\"margin\":\"default\",\"text_style\":\"large\"}}]}]}]},{\"type\":\"section\",\"props\":{\"image_position\":\"center-center\",\"padding_remove_horizontal\":false,\"style\":\"muted\",\"title_breakpoint\":\"xl\",\"title_position\":\"top-left\",\"title_rotation\":\"left\",\"vertical_align\":\"middle\",\"width\":\"default\"},\"children\":[{\"type\":\"row\",\"props\":{\"column_gap\":\"collapse\",\"layout\":\"1-2,1-2\",\"margin\":\"remove-vertical\",\"width\":\"xlarge\"},\"children\":[{\"type\":\"column\",\"props\":{\"image_position\":\"center-center\",\"media_overlay_gradient\":\"\",\"position_sticky_breakpoint\":\"m\",\"width_medium\":\"1-2\"},\"children\":[{\"type\":\"text\",\"props\":{\"column_breakpoint\":\"m\",\"content\":\"\n\n<p><strong>ALRIVO Vorsorgestiftung<br \\\/><\\\/strong>c\\\/o Gesch\\u00e4ftsstelle Pension Fund Services AG (PFS)<\\\/p>\\n\n\n<p>Sa\\u0308gereistrasse 29 <br \\\/>8152 Glattbrugg<\\\/p>\\n\n\n<p><a href=\\\"tel:+41432101809\\\">+41 43 210 18 09<\\\/a><br \\\/><a href=\\\"mailto:alrivo@pfs.ch\\\" target=\\\"_blank\\\" rel=\\\"noopener\\\" data-wplink-edit=\\\"true\\\">alrivo@pfs.ch<\\\/a><\\\/p>\",\"margin\":\"default\",\"text_style\":\"lead\"}}]},{\"type\":\"column\",\"props\":{\"image\":\"wp-content\\\/uploads\\\/2022\\\/12\\\/map_2.jpg\",\"image_height\":\"100%\",\"image_position\":\"top-left\",\"image_size\":\"contain\",\"image_width\":\"100%\",\"media_overlay_gradient\":\"\",\"padding\":\"none\",\"position_sticky_breakpoint\":\"m\",\"width_medium\":\"1-2\"},\"children\":[{\"type\":\"image\",\"props\":{\"image\":\"wp-content\\\/uploads\\\/2022\\\/12\\\/transparent.png\",\"image_height\":\"500px\",\"image_svg_color\":\"emphasis\",\"margin\":\"default\"}}]}]}]}],\"version\":\"3.0.18\"} --><\/p>\n","protected":false},"excerpt":{"rendered":"<p>47.4322,8.5579 Alrivo Sa\u0308gereistrasse 298152 Glattbrugg Kontakt Die Alrivo Pensionskasse befindet sich im Geb\u00e4ude der PFS Pension Fund Services AG in Glattbrugg am n\u00f6rdlichen Stadtrand von Z\u00fcrich, N\u00e4he Flughafen. ALRIVO Vorsorgestiftungc\/o Gesch\u00e4ftsstelle Pension Fund Services AG (PFS) Sa\u0308gereistrasse 29 8152 Glattbrugg +41 43 210 18 09alrivo@pfs.ch<\/p>\n","protected":false},"author":1,"featured_media":0,"parent":0,"menu_order":6,"comment_status":"open","ping_status":"open","template":"","meta":[],"acf":[],"yoast_head":"<!-- This site is optimized with the Yoast SEO plugin v19.12 - https:\/\/yoast.com\/wordpress\/plugins\/seo\/ -->\n<title>Kontakt - Alrivo<\/title>\n<meta name=\"description\" content=\"ALRIVO Vorsorgestiftung - c\/o Gesch\u00e4ftsstelle Pension Fund Services AG (PFS) - Sa\u0308gereistrasse 298152 - Glattbrugg\" \/>\n<meta name=\"robots\" content=\"noindex, follow, max-snippet:-1, max-image-preview:large, max-video-preview:-1\" \/>\n<meta property=\"og:locale\" content=\"de_DE\" \/>\n<meta property=\"og:type\" content=\"article\" \/>\n<meta property=\"og:title\" content=\"Kontakt - Alrivo\" \/>\n<meta property=\"og:description\" content=\"ALRIVO Vorsorgestiftung - c\/o Gesch\u00e4ftsstelle Pension Fund Services AG (PFS) - Sa\u0308gereistrasse 298152 - Glattbrugg\" \/>\n<meta property=\"og:url\" content=\"https:\/\/www.404-page-not-found.de\/alrivo\/kontakt\/\" \/>\n<meta property=\"og:site_name\" content=\"Alrivo\" \/>\n<meta property=\"article:modified_time\" content=\"2022-12-19T19:38:36+00:00\" \/>\n<meta name=\"twitter:card\" content=\"summary_large_image\" \/>\n<meta name=\"twitter:label1\" content=\"Gesch\u00e4tzte Lesezeit\" \/>\n\t<meta name=\"twitter:data1\" content=\"1\u00a0Minute\" \/>\n<script type=\"application\/ld+json\" class=\"yoast-schema-graph\">{\"@context\":\"https:\/\/schema.org\",\"@graph\":[{\"@type\":\"WebPage\",\"@id\":\"https:\/\/www.404-page-not-found.de\/alrivo\/kontakt\/\",\"url\":\"https:\/\/www.404-page-not-found.de\/alrivo\/kontakt\/\",\"name\":\"Kontakt - Alrivo\",\"isPartOf\":{\"@id\":\"https:\/\/www.404-page-not-found.de\/alrivo\/#website\"},\"datePublished\":\"2019-09-02T07:23:47+00:00\",\"dateModified\":\"2022-12-19T19:38:36+00:00\",\"description\":\"ALRIVO Vorsorgestiftung - c\/o Gesch\u00e4ftsstelle Pension Fund Services AG (PFS) - Sa\u0308gereistrasse 298152 - Glattbrugg\",\"breadcrumb\":{\"@id\":\"https:\/\/www.404-page-not-found.de\/alrivo\/kontakt\/#breadcrumb\"},\"inLanguage\":\"de\",\"potentialAction\":[{\"@type\":\"ReadAction\",\"target\":[\"https:\/\/www.404-page-not-found.de\/alrivo\/kontakt\/\"]}]},{\"@type\":\"BreadcrumbList\",\"@id\":\"https:\/\/www.404-page-not-found.de\/alrivo\/kontakt\/#breadcrumb\",\"itemListElement\":[{\"@type\":\"ListItem\",\"position\":1,\"name\":\"Startseite\",\"item\":\"https:\/\/www.404-page-not-found.de\/alrivo\/\"},{\"@type\":\"ListItem\",\"position\":2,\"name\":\"Kontakt\"}]},{\"@type\":\"WebSite\",\"@id\":\"https:\/\/www.404-page-not-found.de\/alrivo\/#website\",\"url\":\"https:\/\/www.404-page-not-found.de\/alrivo\/\",\"name\":\"Alrivo\",\"description\":\"Vorsorgestiftung\",\"potentialAction\":[{\"@type\":\"SearchAction\",\"target\":{\"@type\":\"EntryPoint\",\"urlTemplate\":\"https:\/\/www.404-page-not-found.de\/alrivo\/?s={search_term_string}\"},\"query-input\":\"required name=search_term_string\"}],\"inLanguage\":\"de\"}]}<\/script>\n<!-- \/ Yoast SEO plugin. -->","yoast_head_json":{"title":"Kontakt - Alrivo","description":"ALRIVO Vorsorgestiftung - c\/o Gesch\u00e4ftsstelle Pension Fund Services AG (PFS) - Sa\u0308gereistrasse 298152 - Glattbrugg","robots":{"index":"noindex","follow":"follow","max-snippet":"max-snippet:-1","max-image-preview":"max-image-preview:large","max-video-preview":"max-video-preview:-1"},"og_locale":"de_DE","og_type":"article","og_title":"Kontakt - Alrivo","og_description":"ALRIVO Vorsorgestiftung - c\/o Gesch\u00e4ftsstelle Pension Fund Services AG (PFS) - Sa\u0308gereistrasse 298152 - Glattbrugg","og_url":"https:\/\/www.404-page-not-found.de\/alrivo\/kontakt\/","og_site_name":"Alrivo","article_modified_time":"2022-12-19T19:38:36+00:00","twitter_card":"summary_large_image","twitter_misc":{"Gesch\u00e4tzte Lesezeit":"1\u00a0Minute"},"schema":{"@context":"https:\/\/schema.org","@graph":[{"@type":"WebPage","@id":"https:\/\/www.404-page-not-found.de\/alrivo\/kontakt\/","url":"https:\/\/www.404-page-not-found.de\/alrivo\/kontakt\/","name":"Kontakt - Alrivo","isPartOf":{"@id":"https:\/\/www.404-page-not-found.de\/alrivo\/#website"},"datePublished":"2019-09-02T07:23:47+00:00","dateModified":"2022-12-19T19:38:36+00:00","description":"ALRIVO Vorsorgestiftung - c\/o Gesch\u00e4ftsstelle Pension Fund Services AG (PFS) - Sa\u0308gereistrasse 298152 - Glattbrugg","breadcrumb":{"@id":"https:\/\/www.404-page-not-found.de\/alrivo\/kontakt\/#breadcrumb"},"inLanguage":"de","potentialAction":[{"@type":"ReadAction","target":["https:\/\/www.404-page-not-found.de\/alrivo\/kontakt\/"]}]},{"@type":"BreadcrumbList","@id":"https:\/\/www.404-page-not-found.de\/alrivo\/kontakt\/#breadcrumb","itemListElement":[{"@type":"ListItem","position":1,"name":"Startseite","item":"https:\/\/www.404-page-not-found.de\/alrivo\/"},{"@type":"ListItem","position":2,"name":"Kontakt"}]},{"@type":"WebSite","@id":"https:\/\/www.404-page-not-found.de\/alrivo\/#website","url":"https:\/\/www.404-page-not-found.de\/alrivo\/","name":"Alrivo","description":"Vorsorgestiftung","potentialAction":[{"@type":"SearchAction","target":{"@type":"EntryPoint","urlTemplate":"https:\/\/www.404-page-not-found.de\/alrivo\/?s={search_term_string}"},"query-input":"required name=search_term_string"}],"inLanguage":"de"}]}},"_links":{"self":[{"href":"https:\/\/www.404-page-not-found.de\/alrivo\/wp-json\/wp\/v2\/pages\/19"}],"collection":[{"href":"https:\/\/www.404-page-not-found.de\/alrivo\/wp-json\/wp\/v2\/pages"}],"about":[{"href":"https:\/\/www.404-page-not-found.de\/alrivo\/wp-json\/wp\/v2\/types\/page"}],"author":[{"embeddable":true,"href":"https:\/\/www.404-page-not-found.de\/alrivo\/wp-json\/wp\/v2\/users\/1"}],"replies":[{"embeddable":true,"href":"https:\/\/www.404-page-not-found.de\/alrivo\/wp-json\/wp\/v2\/comments?post=19"}],"version-history":[{"count":31,"href":"https:\/\/www.404-page-not-found.de\/alrivo\/wp-json\/wp\/v2\/pages\/19\/revisions"}],"predecessor-version":[{"id":2520,"href":"https:\/\/www.404-page-not-found.de\/alrivo\/wp-json\/wp\/v2\/pages\/19\/revisions\/2520"}],"wp:attachment":[{"href":"https:\/\/www.404-page-not-found.de\/alrivo\/wp-json\/wp\/v2\/media?parent=19"}],"curies":[{"name":"wp","href":"https:\/\/api.w.org\/{rel}","templated":true}]}}